{"id":79,"date":"2022-01-01T08:45:10","date_gmt":"2022-01-01T08:45:10","guid":{"rendered":"https:\/\/perllaw.thp.io\/?page_id=79"},"modified":"2024-10-19T15:20:24","modified_gmt":"2024-10-19T15:20:24","slug":"contact-imprint","status":"publish","type":"page","link":"https:\/\/perltaxlaw.at\/de\/contact-imprint\/","title":{"rendered":"Kontakt | Standort | Impressum"},"content":{"rendered":"<figure class=\"wp-block-pullquote\"><blockquote><p><strong>KONTAKT<\/strong><br><strong>T <\/strong>+43 1 992 976-9000<br><strong>E<\/strong> office@perltaxlaw.at<br><strong>W <\/strong>www.perltaxlaw.at<\/p><\/blockquote><\/figure>\n\n\n\n<p><strong>PERL TAX &amp; LAW<\/strong> <strong>Rechtsanwalts GmbH<\/strong><br>eingetragen unter FN 599740 x, Handelsgericht Wien<br>Gesch\u00e4ftsf\u00fchrer RA | StB Dr. Mario Perl, LL.M.<br>Ferstelgasse 1 Top 2<br>1090 Wien, \u00d6sterreich<br>UID ATU79237657<\/p>\n\n\n\n<p>IN ZUSAMMENARBEIT MIT<br><br><strong>PERL&nbsp;TAX &amp; LAW Steuerberatungs GmbH<\/strong><br><\/p>\n\n\n\n<figure class=\"wp-block-pullquote\"><blockquote><p><strong>LAW OFFICE<\/strong><\/p><cite>Kanzlei am Votivpark<br>Ferstelgasse 1 Top 2<br>Mezzanin<br><strong><a href=\"https:\/\/goo.gl\/maps\/RSrZP3YX4zLQDqKE7\" target=\"_blank\" rel=\"noreferrer noopener\">GOOGLE MAPS LINK<\/a><\/strong><\/cite><\/blockquote><\/figure>\n\n\n\n<p class=\"has-text-align-center\"><\/p>\n\n\n\n<figure class=\"wp-block-image aligncenter size-full is-resized\"><img data-recalc-dims=\"1\" loading=\"lazy\" decoding=\"async\" width=\"750\" height=\"495\" src=\"https:\/\/i0.wp.com\/perltaxlaw.at\/wp-content\/uploads\/2021\/12\/VYH7583.jpg?resize=750%2C495&#038;ssl=1\" alt=\"\" class=\"wp-image-326\" style=\"width:400px\"\/><\/figure>\n\n\n\n<figure class=\"wp-block-pullquote\"><blockquote><p><strong>TAX OFFICE<\/strong><\/p><cite>Kanzlei am Votivpark<br>Schwarzspanierstrasse 11 Top 6<br>Stiege 1 | Mezzanin<strong><br><a href=\"https:\/\/maps.app.goo.gl\/5MYY3K9gpmLLaAvC6\" target=\"_blank\" rel=\"noreferrer noopener\">GOOGLE MAPS LINK<\/a><\/strong><\/cite><\/blockquote><\/figure>\n\n\n\n<p class=\"has-text-align-center\"><\/p>\n\n\n\n<figure class=\"wp-block-image aligncenter size-large is-resized\"><img data-recalc-dims=\"1\" loading=\"lazy\" decoding=\"async\" width=\"750\" height=\"1000\" src=\"https:\/\/i0.wp.com\/perltaxlaw.at\/wp-content\/uploads\/2024\/10\/Office_new_meeting2-1.jpg?resize=750%2C1000&#038;ssl=1\" alt=\"\" class=\"wp-image-1157\" style=\"width:275px;height:auto\" srcset=\"https:\/\/i0.wp.com\/perltaxlaw.at\/wp-content\/uploads\/2024\/10\/Office_new_meeting2-1-scaled.jpg?resize=768%2C1024&amp;ssl=1 768w, https:\/\/i0.wp.com\/perltaxlaw.at\/wp-content\/uploads\/2024\/10\/Office_new_meeting2-1-scaled.jpg?resize=225%2C300&amp;ssl=1 225w, https:\/\/i0.wp.com\/perltaxlaw.at\/wp-content\/uploads\/2024\/10\/Office_new_meeting2-1-scaled.jpg?resize=1152%2C1536&amp;ssl=1 1152w, https:\/\/i0.wp.com\/perltaxlaw.at\/wp-content\/uploads\/2024\/10\/Office_new_meeting2-1-scaled.jpg?resize=1536%2C2048&amp;ssl=1 1536w, https:\/\/i0.wp.com\/perltaxlaw.at\/wp-content\/uploads\/2024\/10\/Office_new_meeting2-1-scaled.jpg?resize=9%2C12&amp;ssl=1 9w, https:\/\/i0.wp.com\/perltaxlaw.at\/wp-content\/uploads\/2024\/10\/Office_new_meeting2-1-scaled.jpg?resize=1440%2C1920&amp;ssl=1 1440w, https:\/\/i0.wp.com\/perltaxlaw.at\/wp-content\/uploads\/2024\/10\/Office_new_meeting2-1-scaled.jpg?w=1920&amp;ssl=1 1920w\" sizes=\"auto, (max-width: 750px) 100vw, 750px\" \/><\/figure>\n\n\n\n<figure class=\"wp-block-pullquote\"><blockquote><p><strong>LAGEPLAN | \u00d6FFENTLICHER VERKEHR | PARKEN<\/strong><\/p><\/blockquote><\/figure>\n\n\n\n<figure class=\"wp-block-image aligncenter size-full is-resized\"><img data-recalc-dims=\"1\" loading=\"lazy\" decoding=\"async\" width=\"750\" height=\"526\" src=\"https:\/\/i0.wp.com\/perltaxlaw.at\/wp-content\/uploads\/2024\/10\/Map-Offices-P-T_optim.png?resize=750%2C526&#038;ssl=1\" alt=\"\" class=\"wp-image-1174\" style=\"width:502px;height:auto\" srcset=\"https:\/\/i0.wp.com\/perltaxlaw.at\/wp-content\/uploads\/2024\/10\/Map-Offices-P-T_optim.png?w=900&amp;ssl=1 900w, https:\/\/i0.wp.com\/perltaxlaw.at\/wp-content\/uploads\/2024\/10\/Map-Offices-P-T_optim.png?resize=300%2C210&amp;ssl=1 300w, https:\/\/i0.wp.com\/perltaxlaw.at\/wp-content\/uploads\/2024\/10\/Map-Offices-P-T_optim.png?resize=768%2C538&amp;ssl=1 768w, https:\/\/i0.wp.com\/perltaxlaw.at\/wp-content\/uploads\/2024\/10\/Map-Offices-P-T_optim.png?resize=18%2C12&amp;ssl=1 18w, https:\/\/i0.wp.com\/perltaxlaw.at\/wp-content\/uploads\/2024\/10\/Map-Offices-P-T_optim.png?resize=800%2C560&amp;ssl=1 800w\" sizes=\"auto, (max-width: 750px) 100vw, 750px\" \/><\/figure>\n\n\n\n<p><strong>\u00d6ffentlicher Verkehr<\/strong><\/p>\n\n\n\n<p>U-Bahn U2 | Station Schottentor<br>Stra\u00dfenbahn 37, 38, 40, 41, 42 | Station Schwarzspanierstrasse<br>Stra\u00dfenbahn 43, 44 | Station Landesgerichtsstrasse<br><\/p>\n\n\n\n<p><strong>Parken<\/strong><\/p>\n\n\n\n<p>\u00d6ffentliches Parken (Parkschein notwendig): <a href=\"https:\/\/www.wien.gv.at\/verkehr\/parken\/kurzparkzonen\/\" target=\"_blank\" rel=\"noreferrer noopener\">LINK ZU WIEN PARKEN<\/a> (auf Deutsch)<br>Privates Parken (WIPARK Votivpark): <a href=\"https:\/\/www.wipark.at\/standorte\/9-bezirk\/votivpark\" target=\"_blank\" rel=\"noreferrer noopener\">LINK ZU WIPARK VOTIVPARK<\/a> (auf Deutsch)<br>Privates Parken (Best in Parking Otto-Wagner-Platz): <a href=\"https:\/\/www.bestinparking.com\/de\/at\/garage\/otto-wagnerplatz-tiefgarage\" target=\"_blank\" rel=\"noreferrer noopener\">LINK ZU BEST IN PARKING<\/a> (auf Deutsch)<\/p>\n\n\n\n<figure class=\"wp-block-pullquote\"><blockquote><p><strong>WEITERE INFORMATIONEN<\/strong><\/p><\/blockquote><\/figure>\n\n\n\n<p><strong>PERL TAX &amp; LAW Rechtsanwalts GmbH<\/strong> ist ein Mitglied der Rechtsanwaltskammer Wien und des \u00d6sterreichischen Rechtsanwaltskammertages und unterliegt dessen Regeln und Bestimmungen<br><br><a href=\"https:\/\/www.rakwien.at\/\" target=\"_blank\" rel=\"noreferrer noopener\">LINK ZUR RAK WIEN<\/a><br><a href=\"https:\/\/www.oerak.at\/\" data-type=\"link\" data-id=\"https:\/\/www.oerak.at\/\" target=\"_blank\" rel=\"noreferrer noopener\">LINK ZUM \u00d6RAK<\/a><\/p>\n\n\n\n<p><strong>PERL TAX &amp; LAW Steuerberatungs GmbH<\/strong> ist ein Mitglied der Kammer der Steuerberater:innen und Wirtschaftspr\u00fcfer:innen und unterliegt deren Regeln und Bestimmungen<br><br><a href=\"https:\/\/ksw.or.at\/\" data-type=\"link\" data-id=\"https:\/\/ksw.or.at\/\" target=\"_blank\" rel=\"noreferrer noopener\">LINK ZUR KSW<\/a><\/p>\n\n\n\n<p><strong>Allgemeine Auftragsbedingungen &amp; Datenschutz<\/strong><br><a href=\"https:\/\/perltaxlaw.at\/wp-content\/uploads\/2024\/10\/GTC_AAB2024.pdf\" target=\"_blank\" rel=\"noreferrer noopener\">GTC_AAB<\/a><\/p>\n\n\n\n<p><strong>Bankverbindung<\/strong><br>PERL TAX &amp; LAW Rechtsanwalts GmbH<br>Erste Bank AG<br>IBAN AT79 2011 1282 4941 6800<br>BIC GIBAATWWXXX<\/p>\n\n\n\n<p><strong>Kanzlei am Votivpark<\/strong> (<a href=\"https:\/\/www.kanzlei-am-votivpark.at\/\" target=\"_blank\" rel=\"noreferrer noopener\">kanzlei-am-votivpark.at<\/a>) ist eine Kooperation selbst\u00e4ndiger und unabh\u00e4ngiger Rechtsanw\u00e4lte.<\/p>\n\n\n\n<p><\/p>","protected":false},"excerpt":{"rendered":"<p>PERL TAX &#038; LAW<br \/>\nFerstelgasse 1 Top 2<br \/>\n1090 Wien, \u00d6sterreich<br \/>\nT +43 1 992 976-9000<br \/>\nE office@perltaxlaw.at<\/p>","protected":false},"author":1,"featured_media":327,"parent":0,"menu_order":3,"comment_status":"closed","ping_status":"closed","template":"templates\/regular-grid-page.php","meta":{"footnotes":""},"tags":[5],"class_list":["post-79","page","type-page","status-publish","has-post-thumbnail","hentry","tag-slider"],"jetpack_sharing_enabled":true,"_links":{"self":[{"href":"https:\/\/perltaxlaw.at\/de\/wp-json\/wp\/v2\/pages\/79","targetHints":{"allow":["GET"]}}],"collection":[{"href":"https:\/\/perltaxlaw.at\/de\/wp-json\/wp\/v2\/pages"}],"about":[{"href":"https:\/\/perltaxlaw.at\/de\/wp-json\/wp\/v2\/types\/page"}],"author":[{"embeddable":true,"href":"https:\/\/perltaxlaw.at\/de\/wp-json\/wp\/v2\/users\/1"}],"replies":[{"embeddable":true,"href":"https:\/\/perltaxlaw.at\/de\/wp-json\/wp\/v2\/comments?post=79"}],"version-history":[{"count":48,"href":"https:\/\/perltaxlaw.at\/de\/wp-json\/wp\/v2\/pages\/79\/revisions"}],"predecessor-version":[{"id":1177,"href":"https:\/\/perltaxlaw.at\/de\/wp-json\/wp\/v2\/pages\/79\/revisions\/1177"}],"wp:featuredmedia":[{"embeddable":true,"href":"https:\/\/perltaxlaw.at\/de\/wp-json\/wp\/v2\/media\/327"}],"wp:attachment":[{"href":"https:\/\/perltaxlaw.at\/de\/wp-json\/wp\/v2\/media?parent=79"}],"wp:term":[{"taxonomy":"post_tag","embeddable":true,"href":"https:\/\/perltaxlaw.at\/de\/wp-json\/wp\/v2\/tags?post=79"}],"curies":[{"name":"wp","href":"https:\/\/api.w.org\/{rel}","templated":true}]}}