{"id":34,"date":"2022-01-05T05:20:35","date_gmt":"2022-01-05T05:20:35","guid":{"rendered":"https:\/\/perllaw.thp.io\/?page_id=34"},"modified":"2025-09-28T07:53:00","modified_gmt":"2025-09-28T07:53:00","slug":"tax","status":"publish","type":"page","link":"https:\/\/perltaxlaw.at\/de\/tax\/","title":{"rendered":"TAX"},"content":{"rendered":"<div class=\"wp-block-columns is-layout-flex wp-container-core-columns-is-layout-1 wp-block-columns-is-layout-flex\">\n<div class=\"wp-block-column is-layout-flow wp-block-column-is-layout-flow\" style=\"flex-basis:50%\">\n<h3 class=\"wp-block-heading\" id=\"tax-law\">Steuerrecht<\/h3>\n\n\n\n<p><\/p>\n<\/div>\n\n\n\n<div class=\"wp-block-column is-layout-flow wp-block-column-is-layout-flow\" style=\"flex-basis:50%\">\n<p>Steuerrecht z\u00e4hlt zu unserem Spezialgebiet. Wir haben grundlegende Kenntnisse und Erfahrung in Steuerf\u00e4llen und Steuerverfahren, und zwar in den Bereichen Einkommensteuer, K\u00f6rperschaftsteuer, Umsatzsteuer, Verkehrssteuern und Verm\u00f6genssteuern, aber auch Geb\u00fchren und Sozialversicherungsbeitr\u00e4ge. Wir k\u00f6nnen Sie auch in komplexeren Steuerf\u00e4llen betreuen, mit den Steuerbeh\u00f6rden kommunizieren und Beschwerden bei Gerichten einreichen.<\/p>\n\n\n\n<p>Unsere Beratung im Steuerrecht umfasst<\/p>\n\n\n\n<ul class=\"wp-block-list\">\n<li>Steuerberatung und Erkl\u00e4rungen<\/li>\n\n\n\n<li>Steueranalyse und Optimierung<\/li>\n\n\n\n<li>Steuerrechtliche Stellungnahmen<\/li>\n\n\n\n<li>Steuerausk\u00fcnfte und Ansuchen an Steuerbeh\u00f6rden<\/li>\n\n\n\n<li>Steuerpr\u00fcfungen<\/li>\n\n\n\n<li>Steuerverfahren und Beschwerden an Gerichte und H\u00f6chstgerichte<\/li>\n<\/ul>\n<\/div>\n<\/div>\n\n\n\n<figure class=\"wp-block-pullquote has-text-align-left is-style-solid-color\"><blockquote><p>Steuerprojekte (Auszug)<\/p><cite>\u2013 Berechnung der Grunderwerbsteuer und der Immobilienertragsteuer<br>\u2013 Steuerliche Optimierung von Zahlungen an einen gesch\u00e4ftsf\u00fchrenden Gesellschafter einer GmbH<br>\u2013 Steuerliche Beratung eines Selbstst\u00e4ndigen in Bezug auf Umsatzsteuerthemen<br>\u2013 Steuerliche Beratung hinsichtlich der neuen Regelung f\u00fcr Kryptow\u00e4hrungen<br>\u2013 Gr\u00fcndung einer \u00f6sterreichischen Steuergruppe f\u00fcr eine \u00f6sterreichische Unternehmensgruppe<br>\u2013 Steuererkl\u00e4rungen f\u00fcr einen britischen Staatsb\u00fcrger in \u00d6sterreich<br>\u2013 Steuerliche Beratung in Bezug auf Beitr\u00e4ge an eine Privatstiftung<br>\u2013 Beratung in steuerlichen und buchhalterischen Fragen einer \u00f6sterreichischen GmbH<br>\u2013 Steuerliche Beratung eines Mitarbeiters einer internationalen Organisation in Wien<br>\u2013 Steuerliche Beratung einer Einzelperson bei der Gr\u00fcndung eines Unternehmens in \u00d6sterreich<br>\u2013 Steuerliche Beratung und Erstellung von Steuererkl\u00e4rungen f\u00fcr einen US-B\u00fcrger in \u00d6sterreich<br>\u2013 Steuerliche Beratung und Erstellung von Steuererkl\u00e4rungen eines gesetzlichen Vertreters zur Vermeidung einer Steuerschuld wegen Nichtabf\u00fchrung von Steuern<br>\u2013 Steuerliche Beratung beim Erwerb eines Familienunternehmens<br>\u2013 Steuerliche Beratung eines \u00f6ffentlichen Immobilien-Investmentfonds<br>\u2013 Steuerliche Beratung im Hinblick auf die Hauptwohnsitz-Befreiung von der Immobilienertragsteuer<\/cite><\/blockquote><\/figure>\n\n\n\n<p><\/p>\n\n\n\n<div class=\"wp-block-columns is-layout-flex wp-container-core-columns-is-layout-2 wp-block-columns-is-layout-flex\">\n<div class=\"wp-block-column is-layout-flow wp-block-column-is-layout-flow\" style=\"flex-basis:50%\">\n<h3 class=\"wp-block-heading\" id=\"international-taxation\">Internationale Besteuerung<\/h3>\n\n\n\n<p><\/p>\n<\/div>\n\n\n\n<div class=\"wp-block-column is-layout-flow wp-block-column-is-layout-flow\" style=\"flex-basis:50%\">\n<p>Grenz\u00fcberschreitende Sachverhalte k\u00f6nnen einer internationalen Besteuerung unterliegen. Unsere Steuerrechtsexpertise und unserem umfassenden Verst\u00e4ndnis von internationalen Steuerregeln erlauben es uns Beratung bei grenz\u00fcberschreitender Besteuerung anzubieten. Besteuerung in grenz\u00fcberschreitenden F\u00e4llen umfasst nicht nur inl\u00e4ndisches Recht, sondern auch internationale Abkommen um Doppelbesteuerung oder doppelte Nichtbesteuerung zu verhindern. Derartige F\u00e4lle sind komplex, weil sie auf unterschiedlichen Steuersystemen beruhen, welche nicht aufeinander abgestimmt sind und grenz\u00fcberschreitende Steuerrisiken ausl\u00f6sen.<\/p>\n\n\n\n<p>Unsere Beratung in der internationalen Besteuerung umfasst<\/p>\n\n\n\n<ul class=\"wp-block-list\">\n<li>Analyse der Steuersituation in grenz\u00fcberschreitenden F\u00e4llen<\/li>\n\n\n\n<li>Ermittlung einer Doppelbesteuerung und die Vermeidung durch anwendbare Steuerabkommen<\/li>\n\n\n\n<li>Beratung in internationalen Steuerf\u00e4llen<\/li>\n\n\n\n<li>Steuerberatung betreffend die Gr\u00fcndung inl\u00e4ndischer Gesch\u00e4ftsstellen<\/li>\n\n\n\n<li>Steuerberatung zu Entsendungen<\/li>\n\n\n\n<li>Tax advice regarding expats and private clients in cross-border matters<\/li>\n\n\n\n<li>Internationale Steuerplanung<\/li>\n<\/ul>\n<\/div>\n<\/div>\n\n\n\n<figure class=\"wp-block-pullquote has-text-align-left is-style-solid-color\"><blockquote><p>Internationale Steuerprojekte (Auszug)<\/p><cite>\u2013 Steuerliche Beratung bei T\u00e4tigkeiten in \u00d6sterreich und einem Offshore-Land<br>\u2013 Steuerliche Beratung eines Expats bei der Umsiedlung aus den USA nach \u00d6sterreich<br>\u2013 Steuererstattungsantrag f\u00fcr eine EU-Gruppe in Bezug auf die \u00f6sterreichische Vorsteuer<br>\u2013 Steuerliche Beratung einer nicht in \u00d6sterreich ans\u00e4ssigen nat\u00fcrlichen Person mit Verm\u00f6gen in \u00d6sterreich<br>\u2013 Steuerliche Beratung f\u00fcr einen in \u00d6sterreich ans\u00e4ssigen Expat mit US- und EU-Verm\u00f6gen<br>\u2013 Steuerliche Beratung einer \u00f6sterreichischen Privatperson in Bezug auf ausl\u00e4ndische Pensionszahlungen<br>\u2013 Steuerliche Beratung eines Unternehmens im Nahen Osten mit \u00f6sterreichischem Sitz der Gesch\u00e4ftsleitung<br>\u2013 Steuerliche Beratung eines EU-Start-Ups in Bezug auf dessen \u00f6sterreichische Niederlassung <br>\u2013 Steuerliche Beratung eines EU-Start-Ups beim Markteintritt in \u00d6sterreich<br>\u2013 Steuerliche Beratung bei der grenz\u00fcberschreitenden Strukturierung eines Energieunternehmens<br>\u2013 Steuerliche Beratung bei einer Umsiedlung von \u00d6sterreich in den Nahen Osten<\/cite><\/blockquote><\/figure>","protected":false},"excerpt":{"rendered":"<p>TAX We provide services in the areas national tax law, international taxation, tax analysis &#038; optimization and tax proceedings.<\/p>","protected":false},"author":1,"featured_media":1139,"parent":0,"menu_order":0,"comment_status":"closed","ping_status":"closed","template":"templates\/regular-grid-page.php","meta":{"footnotes":""},"tags":[],"class_list":["post-34","page","type-page","status-publish","has-post-thumbnail","hentry"],"jetpack_sharing_enabled":true,"_links":{"self":[{"href":"https:\/\/perltaxlaw.at\/de\/wp-json\/wp\/v2\/pages\/34","targetHints":{"allow":["GET"]}}],"collection":[{"href":"https:\/\/perltaxlaw.at\/de\/wp-json\/wp\/v2\/pages"}],"about":[{"href":"https:\/\/perltaxlaw.at\/de\/wp-json\/wp\/v2\/types\/page"}],"author":[{"embeddable":true,"href":"https:\/\/perltaxlaw.at\/de\/wp-json\/wp\/v2\/users\/1"}],"replies":[{"embeddable":true,"href":"https:\/\/perltaxlaw.at\/de\/wp-json\/wp\/v2\/comments?post=34"}],"version-history":[{"count":67,"href":"https:\/\/perltaxlaw.at\/de\/wp-json\/wp\/v2\/pages\/34\/revisions"}],"predecessor-version":[{"id":1277,"href":"https:\/\/perltaxlaw.at\/de\/wp-json\/wp\/v2\/pages\/34\/revisions\/1277"}],"wp:featuredmedia":[{"embeddable":true,"href":"https:\/\/perltaxlaw.at\/de\/wp-json\/wp\/v2\/media\/1139"}],"wp:attachment":[{"href":"https:\/\/perltaxlaw.at\/de\/wp-json\/wp\/v2\/media?parent=34"}],"wp:term":[{"taxonomy":"post_tag","embeddable":true,"href":"https:\/\/perltaxlaw.at\/de\/wp-json\/wp\/v2\/tags?post=34"}],"curies":[{"name":"wp","href":"https:\/\/api.w.org\/{rel}","templated":true}]}}