{"id":314,"date":"2022-01-03T20:17:00","date_gmt":"2022-01-03T20:17:00","guid":{"rendered":"https:\/\/perllaw.thp.io\/?page_id=314"},"modified":"2025-04-20T08:48:48","modified_gmt":"2025-04-20T08:48:48","slug":"advisors","status":"publish","type":"page","link":"https:\/\/perltaxlaw.at\/de\/advisors\/","title":{"rendered":"BUSINESS CLIENTS"},"content":{"rendered":"<div class=\"wp-block-columns is-layout-flex wp-container-core-columns-is-layout-1 wp-block-columns-is-layout-flex\">\n<div class=\"wp-block-column is-layout-flow wp-block-column-is-layout-flow\" style=\"flex-basis:50%\">\n<h3 class=\"wp-block-heading\">Partner f\u00fcr Berater und Unternehmer<\/h3>\n\n\n\n<p><\/p>\n<\/div>\n\n\n\n<div class=\"wp-block-column is-layout-flow wp-block-column-is-layout-flow\" style=\"flex-basis:50%\">\n<p>Als Rechtsanwaltskanzlei spezialisiert auf Steuerrecht, Wirtschaftsrecht und Immobilienrecht bieten wir unsere Dienstleistungen anderen Beratern und deren Mandanten auf Augenh\u00f6he an (Kollegenberatung). Unter unseren regelm\u00e4\u00dfigen Mandanten sind bekannte und angesehene Steuerberater, Rechtsanw\u00e4lte und Bilanzbuchhalter. Wir bieten unsere Dienstleistungen auch direkt an Professionals, darunter Unternehmer und Privatklienten.<\/p>\n\n\n\n<p>Wir sind f\u00fcr Sie da um die ma\u00dfgeblichen steuerlichen und rechtlichen Grundlagen f\u00fcr wichtige Entscheidungen vorzubereiten, Ihre Dienstleistungen zu erweitern, steuerliche und rechtliche Themen zwischen Beratern oder mit Professionals zu diskutieren und Zweitmeinungen abzugeben, um Risiken und Verbindlichkeiten zu reduzieren.<\/p>\n<\/div>\n<\/div>\n\n\n\n<div class=\"wp-block-columns is-layout-flex wp-container-core-columns-is-layout-2 wp-block-columns-is-layout-flex\">\n<div class=\"wp-block-column is-layout-flow wp-block-column-is-layout-flow\" style=\"flex-basis:50%\">\n<h3 class=\"wp-block-heading\">Expertenberatung in Steuer, Wirtschaftsrecht und Bilanzierung<\/h3>\n\n\n\n<p><\/p>\n<\/div>\n\n\n\n<div class=\"wp-block-column is-layout-flow wp-block-column-is-layout-flow\" style=\"flex-basis:50%\">\n<p>Wir haben Expertenstatus in den Bereichen Steuerrecht, internationale Besteuerung, Wirtschaftsrecht und Bilanzierung erarbeitet - auch  in komplexeren F\u00e4llen. Wir k\u00f6nnen Sie daher bei schwierigeren bis zu komplexen Fragen in diesen Bereichen unterst\u00fctzen. Wir sind f\u00fcr Sie bei herausfordernden Angelegenheiten da, um Ihnen m\u00f6gliche L\u00f6sungen anzubieten oder Ihnen mehr Sicherheit in Ihrer eigenen Einsch\u00e4tzung zu geben - zur Vermeidung von kostspieligen und unn\u00f6tigen Fallen.<\/p>\n\n\n\n<p>Wir sind uns bewusst, dass nicht f\u00fcr jede Frage ein umfassendes Budget zur Verf\u00fcgung steht. Nichtsdestotrotz helfen wir Ihnen bei der L\u00f6sungsfindung unter einer Kosten-Nutzen-Abw\u00e4gung.<\/p>\n<\/div>\n<\/div>\n\n\n\n<div class=\"wp-block-columns is-layout-flex wp-container-core-columns-is-layout-3 wp-block-columns-is-layout-flex\">\n<div class=\"wp-block-column is-layout-flow wp-block-column-is-layout-flow\" style=\"flex-basis:50%\">\n<h3 class=\"wp-block-heading\">Gr\u00fcndung, Umgr\u00fcndung und Liquidation von Gesellschaften<\/h3>\n\n\n\n<p><\/p>\n<\/div>\n\n\n\n<div class=\"wp-block-column is-layout-flow wp-block-column-is-layout-flow\" style=\"flex-basis:50%\">\n<p>Wir helfen in der Strukturierung von inl\u00e4ndischen oder grenz\u00fcberschreitenden Unternehmungen, der Gr\u00fcndung von Gesellschaften und Niederlassungen und f\u00fchren Umgr\u00fcndungen oder \u00c4nderungen der gesellschaftsrechtlichen Struktur durch (Verschmelzung, Spaltung, Einbringungen, Kapitalerh\u00f6hungen oder Herabsetzungen, \u00c4nderung des Gesellschaftsvertrages).<\/p>\n\n\n\n<p>Wir helfen und f\u00fchren Sie durch die Planungs- und Strukturierungsphase zur Umsetzung bis hin zur Nachbearbeitungsphase. Wir unterst\u00fctzen Sie sowohl aus steuerlicher als auch aus rechtlicher Sicht.<\/p>\n<\/div>\n<\/div>\n\n\n\n<div class=\"wp-block-columns is-layout-flex wp-container-core-columns-is-layout-4 wp-block-columns-is-layout-flex\">\n<div class=\"wp-block-column is-layout-flow wp-block-column-is-layout-flow\" style=\"flex-basis:50%\">\n<h3 class=\"wp-block-heading\">Unternehmenstransaktionen und Nachfolge<\/h3>\n\n\n\n<p><\/p>\n<\/div>\n\n\n\n<div class=\"wp-block-column is-layout-flow wp-block-column-is-layout-flow\" style=\"flex-basis:50%\">\n<p>Wir unterst\u00fctzen bei Transaktionen im Wege von Asset oder Share Deals oder auch Immobilientransaktionen aus steuerlicher und rechtlicher Sicht: Von den ersten Schritten durch die Verhandlungsphase und Due Diligence Phase, zum Vertragsentwurf und der Vertragsunterzeichnung bis hin zur Umsetzung und Nachbearbeitung. Wir helfen Ihnen in allen Phasen um das Beste f\u00fcr Sie rauszuholen.<\/p>\n\n\n\n<p>Wir bieten auch Leistungen im Zusammenhang mit der Unternehmensnachfolge, speziell f\u00fcr Familienunternehmen. Zu diesem Zweck sind wir Teil einer Platform unabh\u00e4ngiger Unternehmens- und Rechtsberater bei <a href=\"http:\/\/www.fussstapfen.at\">fussstapfen.at<\/a>.<\/p>\n<\/div>\n<\/div>\n\n\n\n<div class=\"wp-block-columns is-layout-flex wp-container-core-columns-is-layout-5 wp-block-columns-is-layout-flex\">\n<div class=\"wp-block-column is-layout-flow wp-block-column-is-layout-flow\" style=\"flex-basis:50%\">\n<h3 class=\"wp-block-heading\">Restrukturierung in einer Unternehmenskrise und Insolvenz<\/h3>\n\n\n\n<p><\/p>\n<\/div>\n\n\n\n<div class=\"wp-block-column is-layout-flow wp-block-column-is-layout-flow\" style=\"flex-basis:50%\">\n<p>W\u00e4hrend einer Unternehmenskrise oder in Insolvenzverfahren kommen spezielle Steuer- und Rechtsbestimmungen zur Anwendung. Restrukturierungen k\u00f6nnen notwendig werden, die eine wesentliche Auswirkung auf die Zukunft haben. Unternehmenskrisen und Insolvenzverfahren ben\u00f6tigen spezielles Wissen aus steuerlicher, rechtlicher und wirtschaftlicher Sicht.<\/p>\n\n\n\n<p>Wir sind f\u00fcr Sie da, um in diesen kritischen Phasen die richtigen Entscheidungen zu treffen und Haftungen und Strafverfahren zu vermeiden.<\/p>\n<\/div>\n<\/div>\n\n\n\n<div class=\"wp-block-columns is-layout-flex wp-container-core-columns-is-layout-6 wp-block-columns-is-layout-flex\">\n<div class=\"wp-block-column is-layout-flow wp-block-column-is-layout-flow\" style=\"flex-basis:50%\">\n<h3 class=\"wp-block-heading\">Verm\u00f6gensplanung und Strukturierung, Holdings und Privatstiftungen<\/h3>\n\n\n\n<p><\/p>\n<\/div>\n\n\n\n<div class=\"wp-block-column is-layout-flow wp-block-column-is-layout-flow\" style=\"flex-basis:50%\">\n<p>Wir unterst\u00fctzen Unternehmer und Privatpersonen in der Strukturierung Ihres Verm\u00f6gens auf optimalem Wege aus steuerlicher und rechtlicher Sicht. Wir sind da, um die richtige Struktur zu finden, Dokumente zu entwerfen und die Struktur auch umzusetzen.<\/p>\n\n\n\n<p>Ob Sie Ihre Beteiligungen durch eigene Holdinggesellschaften strukturieren wollen, eine Privatstiftung gr\u00fcnden oder in die Zukunft an die Erbnachfolge denken - wir k\u00f6nnen aus steuerlicher und rechtlicher Sicht helfen.<\/p>\n<\/div>\n<\/div>\n\n\n\n<p><\/p>\n\n\n\n<div class=\"wp-block-columns is-layout-flex wp-container-core-columns-is-layout-7 wp-block-columns-is-layout-flex\">\n<div class=\"wp-block-column is-layout-flow wp-block-column-is-layout-flow\" style=\"flex-basis:50%\">\n<p><strong>Wenn Sie an mehr Informationen interessiert sind, nehmen Sie mit uns Kontakt auf:<\/strong> <\/p>\n\n\n\n<p><\/p>\n<\/div>\n\n\n\n<div class=\"wp-block-column is-layout-flow wp-block-column-is-layout-flow\" style=\"flex-basis:50%\">\n<p><strong>E<\/strong> office@perltaxlaw.at<br><strong>T <\/strong>+43 664 999 31956 <\/p>\n<\/div>\n<\/div>","protected":false},"excerpt":{"rendered":"<p>Wir bieten unsere Leistungen an Berater und Professionals als gleichrangige Partner, entweder gegen\u00fcber den Beratern (Kollegenberatung) oder direkt gegen\u00fcber den Professionals.<\/p>","protected":false},"author":1,"featured_media":675,"parent":0,"menu_order":0,"comment_status":"closed","ping_status":"closed","template":"","meta":{"footnotes":""},"tags":[5],"class_list":["post-314","page","type-page","status-publish","has-post-thumbnail","hentry","tag-slider"],"jetpack_sharing_enabled":true,"_links":{"self":[{"href":"https:\/\/perltaxlaw.at\/de\/wp-json\/wp\/v2\/pages\/314","targetHints":{"allow":["GET"]}}],"collection":[{"href":"https:\/\/perltaxlaw.at\/de\/wp-json\/wp\/v2\/pages"}],"about":[{"href":"https:\/\/perltaxlaw.at\/de\/wp-json\/wp\/v2\/types\/page"}],"author":[{"embeddable":true,"href":"https:\/\/perltaxlaw.at\/de\/wp-json\/wp\/v2\/users\/1"}],"replies":[{"embeddable":true,"href":"https:\/\/perltaxlaw.at\/de\/wp-json\/wp\/v2\/comments?post=314"}],"version-history":[{"count":44,"href":"https:\/\/perltaxlaw.at\/de\/wp-json\/wp\/v2\/pages\/314\/revisions"}],"predecessor-version":[{"id":1194,"href":"https:\/\/perltaxlaw.at\/de\/wp-json\/wp\/v2\/pages\/314\/revisions\/1194"}],"wp:featuredmedia":[{"embeddable":true,"href":"https:\/\/perltaxlaw.at\/de\/wp-json\/wp\/v2\/media\/675"}],"wp:attachment":[{"href":"https:\/\/perltaxlaw.at\/de\/wp-json\/wp\/v2\/media?parent=314"}],"wp:term":[{"taxonomy":"post_tag","embeddable":true,"href":"https:\/\/perltaxlaw.at\/de\/wp-json\/wp\/v2\/tags?post=314"}],"curies":[{"name":"wp","href":"https:\/\/api.w.org\/{rel}","templated":true}]}}