{"id":21,"date":"2022-01-02T06:00:51","date_gmt":"2022-01-02T06:00:51","guid":{"rendered":"https:\/\/perllaw.thp.io\/?page_id=21"},"modified":"2025-04-20T09:13:35","modified_gmt":"2025-04-20T09:13:35","slug":"expats","status":"publish","type":"page","link":"https:\/\/perltaxlaw.at\/de\/expats\/","title":{"rendered":"EXPATS &amp; PRIVATE CLIENTS"},"content":{"rendered":"<div class=\"wp-block-columns is-layout-flex wp-container-core-columns-is-layout-2 wp-block-columns-is-layout-flex\">\n<div class=\"wp-block-column is-layout-flow wp-block-column-is-layout-flow\" style=\"flex-basis:50%\">\n<h3 class=\"wp-block-heading\" id=\"focus-on-expats-services\">Expats Services<\/h3>\n\n\n\n<p><\/p>\n\n\n\n<div class=\"wp-block-columns is-layout-flex wp-container-core-columns-is-layout-1 wp-block-columns-is-layout-flex\">\n<div class=\"wp-block-column is-layout-flow wp-block-column-is-layout-flow\">\n<p><\/p>\n<\/div>\n\n\n\n<div class=\"wp-block-column is-layout-flow wp-block-column-is-layout-flow\"><\/div>\n<\/div>\n<\/div>\n\n\n\n<div class=\"wp-block-column is-layout-flow wp-block-column-is-layout-flow\" style=\"flex-basis:50%\">\n<p>Sie plannen nach \u00d6sterreich umzuziehen oder sind k\u00fcrzlich erst umgezogen? Haben Sie eine Aufforderung von der Steuerverwaltung erhalten? Sind Sie interessiert an Ihrem Steuerstatus und Erkl\u00e4rungspflichten? Sie ben\u00f6tigen Hilfe mit anderen steuerlichen oder rechtlichen Fragen? Wir k\u00f6nnen helfen.<\/p>\n\n\n\n<p>Aufgrund unserer Erfahrung in der internationalen Besteuerung, Strukturierung und grenz\u00fcberschreitenden Themen k\u00f6nnen wir umfangreiche Dienstleistungen an Expats anbieten. Wir analysieren Ihre steuerliche und rechtliche Situation, bietet Steuer- und Rechtsberatung an betreffend Ihre privaten, gesch\u00e4ftlichen, beruflichen oder Investment-Angelegenheiten und unterst\u00fctzen Expats bei der Einreichung von Steuererkl\u00e4rungen und bei Steuerverfahren.<\/p>\n\n\n\n<p>Unsere umfassenden Leistungen f\u00fcr Expats bestehen aus:<\/p>\n\n\n\n<ul class=\"wp-block-list\">\n<li>Internationale und \u00f6sterreichische Steuerberatung und Erf\u00fcllung steuerlicher Pflichten in \u00d6sterreich<\/li>\n\n\n\n<li>Sozialversicherungsberatung und Umsetzung<\/li>\n\n\n\n<li>Aufenthaltsrecht mit Beratung und Umsetzung<\/li>\n\n\n\n<li>Spezialberatung f\u00fcr privilegierte Personen von internationalen Organisationen, Botschaften und Konsulate von ausl\u00e4ndischen Staaten<\/li>\n\n\n\n<li>Selbst\u00e4ndigkeit und Unternehmensberatung f\u00fcr Expats<\/li>\n\n\n\n<li>Rechtsberatung inklusive Immobilienrecht zu Mietvertr\u00e4gen und Kaufvertr\u00e4gen<\/li>\n<\/ul>\n<\/div>\n<\/div>\n\n\n\n<div class=\"wp-block-columns is-layout-flex wp-container-core-columns-is-layout-4 wp-block-columns-is-layout-flex\">\n<div class=\"wp-block-column is-layout-flow wp-block-column-is-layout-flow\" style=\"flex-basis:50%\">\n<h3 class=\"wp-block-heading\" id=\"focus-on-expats-services\">Private Clients Services<\/h3>\n\n\n\n<p><\/p>\n\n\n\n<div class=\"wp-block-columns is-layout-flex wp-container-core-columns-is-layout-3 wp-block-columns-is-layout-flex\">\n<div class=\"wp-block-column is-layout-flow wp-block-column-is-layout-flow\">\n<p><\/p>\n<\/div>\n\n\n\n<div class=\"wp-block-column is-layout-flow wp-block-column-is-layout-flow\"><\/div>\n<\/div>\n<\/div>\n\n\n\n<div class=\"wp-block-column is-layout-flow wp-block-column-is-layout-flow\" style=\"flex-basis:50%\">\n<p>Sie besitzen bereits oder werden in Zukunft Verm\u00f6gen in Form eines Unternehmens, Immobilien, Wertpapiere oder Unternehmensanteile erwerben und ben\u00f6tigen steuerliche und rechtliche Optimierungsleistungen? Sie wissen nicht, wie Sie am besten Ihr Verm\u00f6gen strukturieren - aktuell und f\u00fcr die Zukunft? Sie \u00fcberlegen eine operative oder eine Holdinggesellschaft, ein Family Office oder eine Verm\u00f6gensverwaltungsgesellschaft zu gr\u00fcnden?<\/p>\n\n\n\n<p>Aufgrund unserer Erfahrung in der Besteuerung, im Gesellschaftsrecht und in der Private Clients Beratung k\u00f6nnen wir Sie in der Strukturierung Ihres Verm\u00f6gens in optimaler Form unterst\u00fctzen. Wir analysieren Ihre steuerliche und rechtliche Situation, geben Ihnen Optionen aufgrund Ihrer individuellen Situation und setzen diese Optionen gemeinsam mit Ihnen oder Ihrem Berater um.<\/p>\n\n\n\n<p>Unsere umfassenden Leistungen f\u00fcr Private Clients umfassen:<\/p>\n\n\n\n<ul class=\"wp-block-list\">\n<li>Steuerberatung und Erf\u00fcllung steuerlicher Pflichten<\/li>\n\n\n\n<li>Sozialversicherungsberatung und Umsetzung<\/li>\n\n\n\n<li>Gr\u00fcndung von Holdinggesellschaften<\/li>\n\n\n\n<li>\u00dcbertragungen des Unternehmens (Asset Deal) oder einer Beteiligung (Share Deal) oder einer steuerneutralen Umgr\u00fcndung<\/li>\n\n\n\n<li>Beratung bei der Verm\u00f6gensverwaltung und Strukturierung<\/li>\n\n\n\n<li>Immobilienstrukturierung und \u00dcbertragungsberatung<\/li>\n\n\n\n<li>Nachfolge und Verm\u00f6gensplanung<\/li>\n<\/ul>\n<\/div>\n<\/div>\n\n\n\n<div class=\"wp-block-columns is-layout-flex wp-container-core-columns-is-layout-5 wp-block-columns-is-layout-flex\">\n<div class=\"wp-block-column is-layout-flow wp-block-column-is-layout-flow\" style=\"flex-basis:50%\">\n<p><strong>Wenn Sie an mehr Informationen interessiert sind, nehmen Sie mit uns Kontakt auf:<\/strong><\/p>\n\n\n\n<p><\/p>\n<\/div>\n\n\n\n<div class=\"wp-block-column is-layout-flow wp-block-column-is-layout-flow\" style=\"flex-basis:50%\">\n<p><strong>E<\/strong> office@perltaxlaw.at<br><strong>T<\/strong> +43 1 992 976 9-000<\/p>\n<\/div>\n<\/div>\n\n\n\n<p><\/p>\n\n\n\n<p><\/p>\n\n\n\n<p><\/p>","protected":false},"excerpt":{"rendered":"<p>Wir bieten umfangreiche Beratungsleistungen f\u00fcr Expats aufgrund unserer Erfahrungen in der internationalen Besteuerung, der Strukturierung und bei grenz\u00fcberschreitenden Themen.<\/p>","protected":false},"author":1,"featured_media":677,"parent":0,"menu_order":1,"comment_status":"closed","ping_status":"closed","template":"templates\/regular-grid-page.php","meta":{"footnotes":""},"tags":[5],"class_list":["post-21","page","type-page","status-publish","has-post-thumbnail","hentry","tag-slider"],"jetpack_sharing_enabled":true,"_links":{"self":[{"href":"https:\/\/perltaxlaw.at\/de\/wp-json\/wp\/v2\/pages\/21","targetHints":{"allow":["GET"]}}],"collection":[{"href":"https:\/\/perltaxlaw.at\/de\/wp-json\/wp\/v2\/pages"}],"about":[{"href":"https:\/\/perltaxlaw.at\/de\/wp-json\/wp\/v2\/types\/page"}],"author":[{"embeddable":true,"href":"https:\/\/perltaxlaw.at\/de\/wp-json\/wp\/v2\/users\/1"}],"replies":[{"embeddable":true,"href":"https:\/\/perltaxlaw.at\/de\/wp-json\/wp\/v2\/comments?post=21"}],"version-history":[{"count":49,"href":"https:\/\/perltaxlaw.at\/de\/wp-json\/wp\/v2\/pages\/21\/revisions"}],"predecessor-version":[{"id":1205,"href":"https:\/\/perltaxlaw.at\/de\/wp-json\/wp\/v2\/pages\/21\/revisions\/1205"}],"wp:featuredmedia":[{"embeddable":true,"href":"https:\/\/perltaxlaw.at\/de\/wp-json\/wp\/v2\/media\/677"}],"wp:attachment":[{"href":"https:\/\/perltaxlaw.at\/de\/wp-json\/wp\/v2\/media?parent=21"}],"wp:term":[{"taxonomy":"post_tag","embeddable":true,"href":"https:\/\/perltaxlaw.at\/de\/wp-json\/wp\/v2\/tags?post=21"}],"curies":[{"name":"wp","href":"https:\/\/api.w.org\/{rel}","templated":true}]}}