{"id":163,"date":"2022-01-04T05:10:27","date_gmt":"2022-01-04T05:10:27","guid":{"rendered":"https:\/\/perllaw.thp.io\/?page_id=163"},"modified":"2025-09-28T07:49:53","modified_gmt":"2025-09-28T07:49:53","slug":"law","status":"publish","type":"page","link":"https:\/\/perltaxlaw.at\/de\/law\/","title":{"rendered":"CORPORATE M&amp;A"},"content":{"rendered":"<div class=\"wp-block-columns is-layout-flex wp-container-core-columns-is-layout-1 wp-block-columns-is-layout-flex\">\n<div class=\"wp-block-column is-layout-flow wp-block-column-is-layout-flow\" style=\"flex-basis:50%\">\n<h3 class=\"wp-block-heading\" id=\"structuring\">Strukturierung &amp; Transaktion<\/h3>\n\n\n\n<p><\/p>\n<\/div>\n\n\n\n<div class=\"wp-block-column is-layout-flow wp-block-column-is-layout-flow\" style=\"flex-basis:50%\">\n<p>Strukturierung ist ein komplexer Vorgang, der sich mit der Frage besch\u00e4ftigt, wie man eine Transaktion oder Aktivit\u00e4t f\u00fcr die Ziele des Klienten optimiert. Es resultiert in der Entwicklung von ein oder mehrerer Alternativen, wobei dabei die individuelle Situation des Klienten aus steuerlicher (inklusive sozialversicherungsrechtlicher) rechtlicher (Gesellschafts-, Arbeits- und Unternehmensrecht) und wirtschaftlicher Sicht analysiert wird. Wir sind in Fragen der Strukturierung spezialisiert aufgrund unserem umfassenden Verst\u00e4ndnisses der steuerlichen, rechtlichen und wirtschaftlichen Themen.<\/p>\n\n\n\n<p>Unsere Strukturierungsleistungen umfassen<\/p>\n\n\n\n<ul class=\"wp-block-list\">\n<li>Wahl der Rechtsform und Gr\u00fcndung<\/li>\n\n\n\n<li>Strukturierung von Unternehmen<\/li>\n\n\n\n<li>M&amp;A Strukturierung, Umgr\u00fcndungen und Restrukturierungen<\/li>\n\n\n\n<li>Nachfolge und Verm\u00f6gensplanung<\/li>\n\n\n\n<li>Privatstiftungen und Verm\u00f6gensverwaltung<\/li>\n<\/ul>\n<\/div>\n<\/div>\n\n\n\n<figure class=\"wp-block-pullquote has-text-align-left is-style-solid-color\"><blockquote><p>Strukturierungsprojekte (Auszug)<\/p><cite>\u2013 Strukturierung eines Familienunternehmens in Wien<br>\u2013 Strukturierung eines Energieunternehmens in der DACH-Region<br>\u2013 Strukturierung einer Holdinggesellschaft einer \u00f6sterreichischen IT GmbH<br>\u2013 Strukturierung eines Immobilien-Joint-Venture-Projektes in \u00d6sterreich<br>\u2013 Strukturierungsberatung bei einer konzerninternen Transaktion einer \u00f6sterreichischen Niederlassung an eine \u00f6sterreichische Tochtergesellschaft<br>\u2013 Strukturierung eines in \u00d6sterreich ans\u00e4ssigen Unternehmens mit Beteiligungen an einer franz\u00f6sischen Start-Up-Gruppe<br>\u2013 Strukturierung der \u00f6sterreichischen Gesch\u00e4ftsaktivit\u00e4ten einer deutschen Start-Up Technologie GmbH<br>\u2013 Strukturierung und Optimierung einer Immobilienentwicklungstransaktion<br>\u2013 Strukturierung und Beratung beim Verkauf von Konzerngesellschaften mit Beteiligung von Luxemburg, \u00d6sterreich und Slowenien<br>\u2013 Strukturierung des Erwerbs \u00f6sterreichischer Immobilien durch eine liechtensteinische Gesellschaft von einer notleidenden \u00f6sterreichischen Gesellschaft<br>\u2013 Strukturierung und Beratung beim Verkauf von Konzerngesellschaften eines Energiekonzerns unter Einbeziehung von EU-L\u00e4ndern und L\u00e4ndern aus Lateinamerika<\/cite><\/blockquote><\/figure>\n\n\n\n<p><\/p>\n\n\n\n<div class=\"wp-block-columns is-layout-flex wp-container-core-columns-is-layout-2 wp-block-columns-is-layout-flex\">\n<div class=\"wp-block-column is-layout-flow wp-block-column-is-layout-flow\" style=\"flex-basis:50%\">\n<h3 class=\"wp-block-heading\" id=\"corporate-m-a\">Corporate M&amp;A<\/h3>\n\n\n\n<p><\/p>\n<\/div>\n\n\n\n<div class=\"wp-block-column is-layout-flow wp-block-column-is-layout-flow\" style=\"flex-basis:50%\">\n<p>Wirtschaftsrecht und Mergers &amp; Acquisitions (M&amp;A) erfordern ein Verst\u00e4ndnis von Unternehmens- und Gesellschaftsrecht. Es umfasst auch Steuerrecht und andere Rechtsgebiete wie allgemeines Privatrecht (Vertragsrecht) und besonderes Privatrecht (Arbeitsrecht, Immaterialg\u00fcterrecht und Immobilienrecht). Corporate M&amp;A Beratungsleistungen werden als Einzelleistungen oder aufgrund einer vorgeschaltenen Strukturierung erbracht. Die Umsetzung erfolgt durch Unternehmenstransaktionen, Vertragsgestaltung oder \u00c4nderungen des Firmenbuches beim Firmenbuchgericht. Corporate M&amp;A Dienstleistungen z\u00e4hlen zu unseren Kernkompetenzen, weil sie Steuerthemen und Strukturierungen nahestehen.<\/p>\n\n\n\n<p>Unsere Corporate und M&amp;A Leistungen umfassen<\/p>\n\n\n\n<ul class=\"wp-block-list\">\n<li>Beratung bei Unternehmenstransaktionen<\/li>\n\n\n\n<li>Entwurf und \u00c4nderung des Gesellschaftsvertrages<\/li>\n\n\n\n<li>Share und Asset Deals &amp; Umgr\u00fcndungen (M&amp;A)<\/li>\n\n\n\n<li>Dienstleistungsvertr\u00e4ge<\/li>\n\n\n\n<li>Gesch\u00e4ftsf\u00fchrer- und Vorstandsvertr\u00e4ge<\/li>\n\n\n\n<li>Leasing und Lizenzvertr\u00e4ge<\/li>\n\n\n\n<li>Eintragungen und \u00c4nderungen ins Firmenbuch<\/li>\n<\/ul>\n<\/div>\n<\/div>\n\n\n\n<figure class=\"wp-block-pullquote has-text-align-left is-style-solid-color\"><blockquote><p>Corporate M&amp;A Projects (Selection)<\/p><cite>\u2013 Beratung bei Banksicherheiten f\u00fcr Unternehmensschulden<br>\u2013 Beratung bei der \u00dcbertragung von Liegenschaften<br>\u2013 Aufl\u00f6sung (Liquidation) einer \u00f6sterreichischen GmbH<br>\u2013 Beratung bei der \u00dcbertragung von Forderungen und der \u00dcbernahme von Verbindlichkeiten zwischen Konzernunternehmen<br>\u2013 Beratung in Bezug auf eine Sacheinlage und deren Auswirkungen auf die Jahresabschl\u00fcsse<br>\u2013 Gr\u00fcndung eines \u00f6sterreichischen Unternehmens f\u00fcr eine Einzelperson<br>\u2013 Beratung bei einem Mietvertrag eines EU-Start-ups<br>\u2013 Merger (Up-Stream) von zwei Immobiliengesellschaften<br>\u2013 Sitzverlegung und Satzungs\u00e4nderung einer \u00f6sterreichischen GmbH<br>\u2013 Sacheinlage von Gesch\u00e4ftsanteilen an einer GmbH<br>\u2013 Beratung in Bezug auf einen Gesch\u00e4ftsf\u00fchrervertrag mit einer \u00f6sterreichischen Start-Up Aktiengesellschaft<br>\u2013 Beratung und Implementierung von Dienstleistungsvertr\u00e4gen f\u00fcr die \u00f6sterreichische Tochtergesellschaft eines internationalen Beratungskonzerns<br>\u2013 Beratung im Zusammenhang mit einem Mitarbeiter-\/Managementbeteiligungsplan<br>\u2013 Erwerb wesentlicher Anteile durch einen \u00f6sterreichischen Technologiekonzern und Implementierung eines Joint Ventures<br>\u2013 Gr\u00fcndung einer \u00f6sterreichischen GmbH f\u00fcr ein IT-Start-Up<br>\u2013 Gr\u00fcndung einer \u00f6sterreichischen Niederlassung einer deutschen GmbH<br>\u2013 Erwerb von \u00f6sterreichischen Kommanditanteilen an einer \u00f6sterreichischen Kommanditgesellschaft<br>\u2013 Verkauf einer wesentlichen Beteiligung an einer \u00f6sterreichischen Online-Lehr- und Beratungs-GmbH<\/cite><\/blockquote><\/figure>\n\n\n\n<p><\/p>","protected":false},"excerpt":{"rendered":"<p>We serve clients in structuring, corporate matters and M&#038;A transactions.<\/p>","protected":false},"author":1,"featured_media":1275,"parent":0,"menu_order":0,"comment_status":"closed","ping_status":"closed","template":"templates\/regular-grid-page.php","meta":{"footnotes":""},"tags":[],"class_list":["post-163","page","type-page","status-publish","has-post-thumbnail","hentry"],"jetpack_sharing_enabled":true,"_links":{"self":[{"href":"https:\/\/perltaxlaw.at\/de\/wp-json\/wp\/v2\/pages\/163","targetHints":{"allow":["GET"]}}],"collection":[{"href":"https:\/\/perltaxlaw.at\/de\/wp-json\/wp\/v2\/pages"}],"about":[{"href":"https:\/\/perltaxlaw.at\/de\/wp-json\/wp\/v2\/types\/page"}],"author":[{"embeddable":true,"href":"https:\/\/perltaxlaw.at\/de\/wp-json\/wp\/v2\/users\/1"}],"replies":[{"embeddable":true,"href":"https:\/\/perltaxlaw.at\/de\/wp-json\/wp\/v2\/comments?post=163"}],"version-history":[{"count":64,"href":"https:\/\/perltaxlaw.at\/de\/wp-json\/wp\/v2\/pages\/163\/revisions"}],"predecessor-version":[{"id":1186,"href":"https:\/\/perltaxlaw.at\/de\/wp-json\/wp\/v2\/pages\/163\/revisions\/1186"}],"wp:featuredmedia":[{"embeddable":true,"href":"https:\/\/perltaxlaw.at\/de\/wp-json\/wp\/v2\/media\/1275"}],"wp:attachment":[{"href":"https:\/\/perltaxlaw.at\/de\/wp-json\/wp\/v2\/media?parent=163"}],"wp:term":[{"taxonomy":"post_tag","embeddable":true,"href":"https:\/\/perltaxlaw.at\/de\/wp-json\/wp\/v2\/tags?post=163"}],"curies":[{"name":"wp","href":"https:\/\/api.w.org\/{rel}","templated":true}]}}